{"id":6,"date":"2023-10-05T17:18:08","date_gmt":"2023-10-05T15:18:08","guid":{"rendered":"https:\/\/nathalie-massages.fr\/?page_id=6"},"modified":"2025-08-16T21:54:26","modified_gmt":"2025-08-16T19:54:26","slug":"nathalie-massages","status":"publish","type":"page","link":"https:\/\/nathalie-massages.fr\/","title":{"rendered":"Nathalie Massages"},"content":{"rendered":"\n<div class=\"wp-block-cover alignfull\"><img loading=\"lazy\" decoding=\"async\" width=\"2528\" height=\"2560\" class=\"wp-block-cover__image-background wp-image-168\" alt=\"\" src=\"https:\/\/nathalie-massages.fr\/wp-content\/uploads\/2024\/08\/IMG_3081-scaled.jpg\" data-object-fit=\"cover\" srcset=\"https:\/\/nathalie-massages.fr\/wp-content\/uploads\/2024\/08\/IMG_3081-scaled.jpg 2528w, https:\/\/nathalie-massages.fr\/wp-content\/uploads\/2024\/08\/IMG_3081-296x300.jpg 296w, https:\/\/nathalie-massages.fr\/wp-content\/uploads\/2024\/08\/IMG_3081-1011x1024.jpg 1011w, https:\/\/nathalie-massages.fr\/wp-content\/uploads\/2024\/08\/IMG_3081-768x778.jpg 768w, https:\/\/nathalie-massages.fr\/wp-content\/uploads\/2024\/08\/IMG_3081-1517x1536.jpg 1517w, https:\/\/nathalie-massages.fr\/wp-content\/uploads\/2024\/08\/IMG_3081-2022x2048.jpg 2022w\" sizes=\"auto, (max-width: 2528px) 100vw, 2528px\" \/><span aria-hidden=\"true\" class=\"wp-block-cover__background has-background-dim-0 has-background-dim\" style=\"background-color:#8c765f\"><\/span><div class=\"wp-block-cover__inner-container is-layout-flow wp-block-cover-is-layout-flow\">\n<p class=\"has-text-align-center has-x-large-font-size\" style=\"font-style:italic;font-weight:200\"><strong><mark style=\"background-color:rgba(0, 0, 0, 0)\" class=\"has-inline-color has-secondary-color\">Offrez vous un moment d\u00e9tente<\/mark><\/strong><\/p>\n<\/div><\/div>\n\n\n\n<blockquote class=\"wp-block-quote is-layout-flow wp-block-quote-is-layout-flow\">\n<p>Les maux du corps sont les maux de l&rsquo;\u00e2me, ainsi on ne doit pas chercher \u00e0 gu\u00e9rir le corps sans chercher \u00e0 gu\u00e9rir l&rsquo;\u00e2me.<\/p>\n<cite>Platon<\/cite><\/blockquote>\n\n\n\n<div class=\"wp-block-columns is-layout-flex wp-container-core-columns-is-layout-28f84493 wp-block-columns-is-layout-flex\">\n<div class=\"wp-block-column is-layout-flow wp-block-column-is-layout-flow\" style=\"flex-basis:33.33%\">\n<figure class=\"wp-block-image size-large\"><img loading=\"lazy\" decoding=\"async\" width=\"577\" height=\"1024\" src=\"http:\/\/nathalie-massages.fr\/wp-content\/uploads\/2023\/10\/IMG_2725-577x1024.jpg\" alt=\"\" class=\"wp-image-12\" srcset=\"https:\/\/nathalie-massages.fr\/wp-content\/uploads\/2023\/10\/IMG_2725-577x1024.jpg 577w, https:\/\/nathalie-massages.fr\/wp-content\/uploads\/2023\/10\/IMG_2725-169x300.jpg 169w, https:\/\/nathalie-massages.fr\/wp-content\/uploads\/2023\/10\/IMG_2725.jpg 640w\" sizes=\"auto, (max-width: 577px) 100vw, 577px\" \/><\/figure>\n<\/div>\n\n\n\n<div class=\"wp-block-column is-layout-flow wp-block-column-is-layout-flow\" style=\"flex-basis:66.66%\">\n<div class=\"wp-block-group is-vertical is-layout-flex wp-container-core-group-is-layout-fe9cc265 wp-block-group-is-layout-flex\">\n<h2 class=\"wp-block-heading\">Nathalie Massages<\/h2>\n<\/div>\n\n\n\n<p>Dans un lieu paisible au milieu de la nature, offrez vous un moment d\u00e9tente.<\/p>\n\n\n\n<p>Situ\u00e9e sur Bandol, ou d\u00e9placement possible \u00e0 votre domicile.<\/p>\n\n\n\n<p>Les prises de rendez vous se font par t\u00e9l\u00e9phone ou par sms au : 06.63.36.51.56<\/p>\n<\/div>\n<\/div>\n\n\n\n<p class=\"has-luminous-vivid-orange-color has-text-color has-medium-font-size\">Massage \u00e0 but non th\u00e9rapeutique, il ne peut en aucun cas se substituer au traitement m\u00e9dical.<\/p>\n\n\n\n<hr class=\"wp-block-separator has-alpha-channel-opacity\"\/>\n\n\n\n<h2 class=\"wp-block-heading\">Types de massages propos\u00e9s :<\/h2>\n\n\n\n<div class=\"wp-block-columns is-layout-flex wp-container-core-columns-is-layout-28f84493 wp-block-columns-is-layout-flex\">\n<div class=\"wp-block-column is-layout-flow wp-block-column-is-layout-flow\">\n<h3 class=\"wp-block-heading\"><strong>Balinais<\/strong><\/h3>\n\n\n\n<figure class=\"wp-block-image size-large\"><img loading=\"lazy\" decoding=\"async\" width=\"1024\" height=\"768\" src=\"https:\/\/nathalie-massages.fr\/wp-content\/uploads\/2023\/10\/IMG_2272-2-1024x768.jpg\" alt=\"\" class=\"wp-image-32\" srcset=\"https:\/\/nathalie-massages.fr\/wp-content\/uploads\/2023\/10\/IMG_2272-2-1024x768.jpg 1024w, https:\/\/nathalie-massages.fr\/wp-content\/uploads\/2023\/10\/IMG_2272-2-300x225.jpg 300w, https:\/\/nathalie-massages.fr\/wp-content\/uploads\/2023\/10\/IMG_2272-2-768x576.jpg 768w, https:\/\/nathalie-massages.fr\/wp-content\/uploads\/2023\/10\/IMG_2272-2-1536x1152.jpg 1536w, https:\/\/nathalie-massages.fr\/wp-content\/uploads\/2023\/10\/IMG_2272-2-2048x1536.jpg 2048w\" sizes=\"auto, (max-width: 1024px) 100vw, 1024px\" \/><\/figure>\n\n\n\n<p>Un massage redynamisant compos\u00e9 de deux cultures Indienne et Chinoise.<\/p>\n\n\n\n<p class=\"has-text-align-center\"><strong><a href=\"https:\/\/nathalie-massages.fr\/index.php\/nathalie-massages\/balinais\/\" data-type=\"page\" data-id=\"24\">Plus d&rsquo;information<\/a><\/strong><\/p>\n<\/div>\n\n\n\n<div class=\"wp-block-column is-layout-flow wp-block-column-is-layout-flow\">\n<h3 class=\"wp-block-heading\"><strong>Californien<\/strong><\/h3>\n\n\n\n<figure class=\"wp-block-image size-large\"><img loading=\"lazy\" decoding=\"async\" width=\"1024\" height=\"768\" src=\"https:\/\/nathalie-massages.fr\/wp-content\/uploads\/2023\/10\/IMG_2218-2-1024x768.jpg\" alt=\"\" class=\"wp-image-31\" srcset=\"https:\/\/nathalie-massages.fr\/wp-content\/uploads\/2023\/10\/IMG_2218-2-1024x768.jpg 1024w, https:\/\/nathalie-massages.fr\/wp-content\/uploads\/2023\/10\/IMG_2218-2-300x225.jpg 300w, https:\/\/nathalie-massages.fr\/wp-content\/uploads\/2023\/10\/IMG_2218-2-768x576.jpg 768w, https:\/\/nathalie-massages.fr\/wp-content\/uploads\/2023\/10\/IMG_2218-2-1536x1152.jpg 1536w, https:\/\/nathalie-massages.fr\/wp-content\/uploads\/2023\/10\/IMG_2218-2-2048x1536.jpg 2048w\" sizes=\"auto, (max-width: 1024px) 100vw, 1024px\" \/><\/figure>\n\n\n\n<p>Appel\u00e9 aussi le toucher du coeur, ce massage est un vrai moment de pl\u00e9nitude .<\/p>\n\n\n\n<p class=\"has-text-align-center\"><strong><a href=\"https:\/\/nathalie-massages.fr\/index.php\/nathalie-massages\/californien\/\" data-type=\"page\" data-id=\"34\">Plus d&rsquo;information<\/a><\/strong><\/p>\n<\/div>\n<\/div>\n\n\n\n<div class=\"wp-block-columns is-layout-flex wp-container-core-columns-is-layout-28f84493 wp-block-columns-is-layout-flex\">\n<div class=\"wp-block-column is-layout-flow wp-block-column-is-layout-flow\">\n<h3 class=\"wp-block-heading\"><strong>Kobido<\/strong><\/h3>\n\n\n\n<figure class=\"wp-block-image size-large\"><img loading=\"lazy\" decoding=\"async\" width=\"1024\" height=\"768\" src=\"https:\/\/nathalie-massages.fr\/wp-content\/uploads\/2023\/10\/kobido-1024x768.jpg\" alt=\"\" class=\"wp-image-76\" srcset=\"https:\/\/nathalie-massages.fr\/wp-content\/uploads\/2023\/10\/kobido-1024x768.jpg 1024w, https:\/\/nathalie-massages.fr\/wp-content\/uploads\/2023\/10\/kobido-300x225.jpg 300w, https:\/\/nathalie-massages.fr\/wp-content\/uploads\/2023\/10\/kobido-768x576.jpg 768w, https:\/\/nathalie-massages.fr\/wp-content\/uploads\/2023\/10\/kobido-1536x1152.jpg 1536w, https:\/\/nathalie-massages.fr\/wp-content\/uploads\/2023\/10\/kobido-2048x1536.jpg 2048w\" sizes=\"auto, (max-width: 1024px) 100vw, 1024px\" \/><\/figure>\n\n\n\n<p>Massage du visage anti-\u00e2ge, liftant et repulpant d&rsquo;origine Japonaise.<\/p>\n\n\n\n<p class=\"has-text-align-center\"><strong><a href=\"https:\/\/nathalie-massages.fr\/index.php\/nathalie-massages\/kobido\/\" data-type=\"page\" data-id=\"36\">Plus d&rsquo;information<\/a><\/strong><\/p>\n<\/div>\n\n\n\n<div class=\"wp-block-column is-layout-flow wp-block-column-is-layout-flow\">\n<h3 class=\"wp-block-heading\"><strong>Mad\u00e9roth\u00e9rapie<\/strong><\/h3>\n\n\n\n<figure class=\"wp-block-image size-large\"><img loading=\"lazy\" decoding=\"async\" width=\"1024\" height=\"768\" src=\"https:\/\/nathalie-massages.fr\/wp-content\/uploads\/2023\/10\/IMG_2723-1024x768.jpg\" alt=\"\" class=\"wp-image-13\" srcset=\"https:\/\/nathalie-massages.fr\/wp-content\/uploads\/2023\/10\/IMG_2723-1024x768.jpg 1024w, https:\/\/nathalie-massages.fr\/wp-content\/uploads\/2023\/10\/IMG_2723-300x225.jpg 300w, https:\/\/nathalie-massages.fr\/wp-content\/uploads\/2023\/10\/IMG_2723-768x576.jpg 768w, https:\/\/nathalie-massages.fr\/wp-content\/uploads\/2023\/10\/IMG_2723-1536x1152.jpg 1536w, https:\/\/nathalie-massages.fr\/wp-content\/uploads\/2023\/10\/IMG_2723-2048x1536.jpg 2048w\" sizes=\"auto, (max-width: 1024px) 100vw, 1024px\" \/><\/figure>\n\n\n\n<p>Massage anti-cellulite d&rsquo;origine Colombienne, r\u00e9alis\u00e9 avec des instruments en bois.<\/p>\n\n\n\n<p class=\"has-text-align-center\"><strong><a href=\"https:\/\/nathalie-massages.fr\/index.php\/nathalie-massages\/maderotherapie\/\" data-type=\"page\" data-id=\"39\">Plus d&rsquo;information<\/a><\/strong> <\/p>\n<\/div>\n<\/div>\n\n\n\n<div class=\"wp-block-columns is-layout-flex wp-container-core-columns-is-layout-28f84493 wp-block-columns-is-layout-flex\">\n<div class=\"wp-block-column is-layout-flow wp-block-column-is-layout-flow\">\n<h3 class=\"wp-block-heading\"><strong>Minceur<\/strong><\/h3>\n\n\n\n<figure class=\"wp-block-image size-large\"><img loading=\"lazy\" decoding=\"async\" width=\"1024\" height=\"768\" src=\"http:\/\/nathalie-massages.fr\/wp-content\/uploads\/2023\/10\/IMG_2722-1024x768.jpg\" alt=\"Nathalie Massages\" class=\"wp-image-7\" srcset=\"https:\/\/nathalie-massages.fr\/wp-content\/uploads\/2023\/10\/IMG_2722-1024x768.jpg 1024w, https:\/\/nathalie-massages.fr\/wp-content\/uploads\/2023\/10\/IMG_2722-300x225.jpg 300w, https:\/\/nathalie-massages.fr\/wp-content\/uploads\/2023\/10\/IMG_2722-768x576.jpg 768w, https:\/\/nathalie-massages.fr\/wp-content\/uploads\/2023\/10\/IMG_2722-1536x1152.jpg 1536w, https:\/\/nathalie-massages.fr\/wp-content\/uploads\/2023\/10\/IMG_2722-2048x1536.jpg 2048w\" sizes=\"auto, (max-width: 1024px) 100vw, 1024px\" \/><\/figure>\n\n\n\n<p>Massage lymphatique et anti-cellulite, manuel tr\u00e8s tonique.<\/p>\n\n\n\n<p class=\"has-text-align-center\"><strong><a href=\"https:\/\/nathalie-massages.fr\/index.php\/nathalie-massages\/minceur\/\" data-type=\"page\" data-id=\"42\">Plus d&rsquo;information<\/a><\/strong><\/p>\n<\/div>\n\n\n\n<div class=\"wp-block-column is-layout-flow wp-block-column-is-layout-flow\">\n<h3 class=\"wp-block-heading\"><strong>Energ\u00e9tique<\/strong><\/h3>\n\n\n\n<figure class=\"wp-block-image size-large\"><img loading=\"lazy\" decoding=\"async\" width=\"1024\" height=\"768\" src=\"https:\/\/nathalie-massages.fr\/wp-content\/uploads\/2023\/10\/energetique-1024x768.jpg\" alt=\"\" class=\"wp-image-78\" srcset=\"https:\/\/nathalie-massages.fr\/wp-content\/uploads\/2023\/10\/energetique-1024x768.jpg 1024w, https:\/\/nathalie-massages.fr\/wp-content\/uploads\/2023\/10\/energetique-300x225.jpg 300w, https:\/\/nathalie-massages.fr\/wp-content\/uploads\/2023\/10\/energetique-768x576.jpg 768w, https:\/\/nathalie-massages.fr\/wp-content\/uploads\/2023\/10\/energetique-1536x1152.jpg 1536w, https:\/\/nathalie-massages.fr\/wp-content\/uploads\/2023\/10\/energetique-2048x1536.jpg 2048w\" sizes=\"auto, (max-width: 1024px) 100vw, 1024px\" \/><\/figure>\n\n\n\n<p>Massage qui allie le pouvoir des pierres \u00e0 un toucher doux, il relance les \u00e9nergies<\/p>\n\n\n\n<p class=\"has-text-align-center\"><strong><a href=\"https:\/\/nathalie-massages.fr\/index.php\/nathalie-massages\/energetique\/\" data-type=\"page\" data-id=\"44\">Plus d&rsquo;information<\/a><\/strong><\/p>\n<\/div>\n<\/div>\n\n\n\n<h3 class=\"wp-block-heading\"><strong>Massage assis<\/strong><\/h3>\n\n\n\n<p>Le massage assis est tr\u00e8s souvent utilis\u00e9 en entreprise pour un regain d&rsquo;\u00e9nergie.<\/p>\n\n\n\n<p class=\"has-text-align-center\"><a href=\"https:\/\/nathalie-massages.fr\/index.php\/nathalie-massages\/massage-assis\/\" data-type=\"page\" data-id=\"46\"><strong>Plus d&rsquo;informati<\/strong>on<\/a><\/p>\n\n\n\n<hr class=\"wp-block-separator has-alpha-channel-opacity\"\/>\n\n\n\n<p class=\"has-text-align-center\">Venez voir le livre d&rsquo;or et n&rsquo;h\u00e9sitez pas \u00e0 laisser votre avis : <\/p>\n\n\n\n<p class=\"has-text-align-center\"><a href=\"https:\/\/nathalie-massages.fr\/index.php\/nathalie-massages\/livre-dor\/\" data-type=\"page\" data-id=\"131\"><strong>Livre d&rsquo;or<\/strong><\/a><\/p>\n","protected":false},"excerpt":{"rendered":"<p>Les maux du corps sont les maux de l&rsquo;\u00e2me, ainsi on ne doit pas chercher \u00e0 gu\u00e9rir le corps sans chercher \u00e0 gu\u00e9rir l&rsquo;\u00e2me. Platon Nathalie Massages Dans un lieu paisible au milieu de la nature, offrez vous un moment d\u00e9tente. Situ\u00e9e sur Bandol, ou d\u00e9placement possible \u00e0 votre domicile. Les prises de rendez vous [&hellip;]<\/p>\n","protected":false},"author":1,"featured_media":0,"parent":0,"menu_order":0,"comment_status":"closed","ping_status":"closed","template":"","meta":{"footnotes":""},"class_list":["post-6","page","type-page","status-publish","hentry"],"_links":{"self":[{"href":"https:\/\/nathalie-massages.fr\/index.php\/wp-json\/wp\/v2\/pages\/6","targetHints":{"allow":["GET"]}}],"collection":[{"href":"https:\/\/nathalie-massages.fr\/index.php\/wp-json\/wp\/v2\/pages"}],"about":[{"href":"https:\/\/nathalie-massages.fr\/index.php\/wp-json\/wp\/v2\/types\/page"}],"author":[{"embeddable":true,"href":"https:\/\/nathalie-massages.fr\/index.php\/wp-json\/wp\/v2\/users\/1"}],"replies":[{"embeddable":true,"href":"https:\/\/nathalie-massages.fr\/index.php\/wp-json\/wp\/v2\/comments?post=6"}],"version-history":[{"count":29,"href":"https:\/\/nathalie-massages.fr\/index.php\/wp-json\/wp\/v2\/pages\/6\/revisions"}],"predecessor-version":[{"id":205,"href":"https:\/\/nathalie-massages.fr\/index.php\/wp-json\/wp\/v2\/pages\/6\/revisions\/205"}],"wp:attachment":[{"href":"https:\/\/nathalie-massages.fr\/index.php\/wp-json\/wp\/v2\/media?parent=6"}],"curies":[{"name":"wp","href":"https:\/\/api.w.org\/{rel}","templated":true}]}}