{"id":36,"date":"2023-10-10T16:38:22","date_gmt":"2023-10-10T14:38:22","guid":{"rendered":"https:\/\/nathalie-massages.fr\/?page_id=36"},"modified":"2025-08-16T21:22:36","modified_gmt":"2025-08-16T19:22:36","slug":"kobido","status":"publish","type":"page","link":"https:\/\/nathalie-massages.fr\/index.php\/nathalie-massages\/kobido\/","title":{"rendered":"Kobido"},"content":{"rendered":"\n<div class=\"wp-block-cover alignfull is-light\"><img loading=\"lazy\" decoding=\"async\" width=\"1024\" height=\"1024\" class=\"wp-block-cover__image-background wp-image-14\" alt=\"\" src=\"http:\/\/nathalie-massages.fr\/wp-content\/uploads\/2023\/10\/D915FBBA-2500-494D-97C4-5EB99E4B2AB0-1024x1024.jpg\" style=\"object-position:52% 27%\" data-object-fit=\"cover\" data-object-position=\"52% 27%\" srcset=\"https:\/\/nathalie-massages.fr\/wp-content\/uploads\/2023\/10\/D915FBBA-2500-494D-97C4-5EB99E4B2AB0-1024x1024.jpg 1024w, https:\/\/nathalie-massages.fr\/wp-content\/uploads\/2023\/10\/D915FBBA-2500-494D-97C4-5EB99E4B2AB0-300x300.jpg 300w, https:\/\/nathalie-massages.fr\/wp-content\/uploads\/2023\/10\/D915FBBA-2500-494D-97C4-5EB99E4B2AB0-150x150.jpg 150w, https:\/\/nathalie-massages.fr\/wp-content\/uploads\/2023\/10\/D915FBBA-2500-494D-97C4-5EB99E4B2AB0-768x768.jpg 768w, https:\/\/nathalie-massages.fr\/wp-content\/uploads\/2023\/10\/D915FBBA-2500-494D-97C4-5EB99E4B2AB0.jpg 1440w\" sizes=\"auto, (max-width: 1024px) 100vw, 1024px\" \/><span aria-hidden=\"true\" class=\"wp-block-cover__background has-background-dim\"><\/span><div class=\"wp-block-cover__inner-container is-layout-flow wp-block-cover-is-layout-flow\">\n<p class=\"has-text-align-center has-secondary-color has-text-color has-x-large-font-size\">Massage Kobido<\/p>\n<\/div><\/div>\n\n\n\n<p>Massage du visage d&rsquo;origine Japonaise, il a un effet anti-\u00e2ge, liftant et  repulpant, la peau est rebondie ; drainant, le teint est plus frais.<\/p>\n\n\n\n<p>Ce massage alterne pression, tapotement, friction, vibration, pincette, une v\u00e9ritable chor\u00e9graphie \u00e0 la fois lente et rapide.<\/p>\n\n\n\n<h4 class=\"wp-block-heading has-text-align-center\">D\u00e9tails<\/h4>\n\n\n\n<p class=\"has-text-align-center\">Dur\u00e9e du massage : 1h<\/p>\n\n\n\n<p class=\"has-text-align-center\">Prix : 70\u20ac<\/p>\n\n\n\n<hr class=\"wp-block-separator has-alpha-channel-opacity\"\/>\n\n\n\n<p class=\"has-text-align-center\"><a href=\"https:\/\/nathalie-massages.fr\/\" data-type=\"page\" data-id=\"6\">Retour \u00e0 l&rsquo;accueil<\/a><\/p>\n","protected":false},"excerpt":{"rendered":"<p>Massage du visage d&rsquo;origine Japonaise, il a un effet anti-\u00e2ge, liftant et repulpant, la peau est rebondie ; drainant, le teint est plus frais. Ce massage alterne pression, tapotement, friction, vibration, pincette, une v\u00e9ritable chor\u00e9graphie \u00e0 la fois lente et rapide. D\u00e9tails Dur\u00e9e du massage : 1h Prix : 70\u20ac Retour \u00e0 l&rsquo;accueil<\/p>\n","protected":false},"author":1,"featured_media":0,"parent":6,"menu_order":1,"comment_status":"closed","ping_status":"closed","template":"","meta":{"footnotes":""},"class_list":["post-36","page","type-page","status-publish","hentry"],"_links":{"self":[{"href":"https:\/\/nathalie-massages.fr\/index.php\/wp-json\/wp\/v2\/pages\/36","targetHints":{"allow":["GET"]}}],"collection":[{"href":"https:\/\/nathalie-massages.fr\/index.php\/wp-json\/wp\/v2\/pages"}],"about":[{"href":"https:\/\/nathalie-massages.fr\/index.php\/wp-json\/wp\/v2\/types\/page"}],"author":[{"embeddable":true,"href":"https:\/\/nathalie-massages.fr\/index.php\/wp-json\/wp\/v2\/users\/1"}],"replies":[{"embeddable":true,"href":"https:\/\/nathalie-massages.fr\/index.php\/wp-json\/wp\/v2\/comments?post=36"}],"version-history":[{"count":7,"href":"https:\/\/nathalie-massages.fr\/index.php\/wp-json\/wp\/v2\/pages\/36\/revisions"}],"predecessor-version":[{"id":192,"href":"https:\/\/nathalie-massages.fr\/index.php\/wp-json\/wp\/v2\/pages\/36\/revisions\/192"}],"up":[{"embeddable":true,"href":"https:\/\/nathalie-massages.fr\/index.php\/wp-json\/wp\/v2\/pages\/6"}],"wp:attachment":[{"href":"https:\/\/nathalie-massages.fr\/index.php\/wp-json\/wp\/v2\/media?parent=36"}],"curies":[{"name":"wp","href":"https:\/\/api.w.org\/{rel}","templated":true}]}}